{"id":22851,"date":"2023-02-04T23:05:46","date_gmt":"2023-02-04T22:05:46","guid":{"rendered":"https:\/\/openairkino-emmen.ch\/?page_id=22851"},"modified":"2025-08-14T08:01:59","modified_gmt":"2025-08-14T06:01:59","slug":"sponsorformular","status":"publish","type":"page","link":"https:\/\/openairkino-emmen.ch\/?page_id=22851","title":{"rendered":"Sponsorenformular"},"content":{"rendered":"\t\t<div data-elementor-type=\"wp-post\" data-elementor-id=\"22851\" class=\"elementor elementor-22851\" data-elementor-post-type=\"page\">\n\t\t\t\t\t\t<section class=\"elementor-section elementor-top-section elementor-element elementor-element-0547306 elementor-section-full_width elementor-section-height-default elementor-section-height-default\" data-id=\"0547306\" data-element_type=\"section\" data-e-type=\"section\" data-settings=\"{&quot;background_background&quot;:&quot;classic&quot;}\">\n\t\t\t\t\t\t<div class=\"elementor-container elementor-column-gap-default\">\n\t\t\t\t\t<div class=\"elementor-column elementor-col-25 elementor-top-column elementor-element elementor-element-87205da\" data-id=\"87205da\" data-element_type=\"column\" data-e-type=\"column\">\n\t\t\t<div class=\"elementor-widget-wrap\">\n\t\t\t\t\t\t\t<\/div>\n\t\t<\/div>\n\t\t\t\t<div class=\"elementor-column elementor-col-50 elementor-top-column elementor-element elementor-element-ad6892d\" data-id=\"ad6892d\" data-element_type=\"column\" data-e-type=\"column\">\n\t\t\t<div class=\"elementor-widget-wrap elementor-element-populated\">\n\t\t\t\t\t\t<div class=\"elementor-element elementor-element-b7dec76 elementor-widget elementor-widget-spacer\" data-id=\"b7dec76\" data-element_type=\"widget\" data-e-type=\"widget\" data-widget_type=\"spacer.default\">\n\t\t\t\t<div class=\"elementor-widget-container\">\n\t\t\t\t\t\t\t<div class=\"elementor-spacer\">\n\t\t\t<div class=\"elementor-spacer-inner\"><\/div>\n\t\t<\/div>\n\t\t\t\t\t\t<\/div>\n\t\t\t\t<\/div>\n\t\t\t\t<div class=\"elementor-element elementor-element-7496c4c elementor-widget elementor-widget-text-editor\" data-id=\"7496c4c\" data-element_type=\"widget\" data-e-type=\"widget\" data-widget_type=\"text-editor.default\">\n\t\t\t\t<div class=\"elementor-widget-container\">\n\t\t\t\t\t\t\t\t\t<p>Ausf\u00fcllen und schon bist du Sponsor!<\/p>\t\t\t\t\t\t\t\t<\/div>\n\t\t\t\t<\/div>\n\t\t\t\t<div class=\"elementor-element elementor-element-958dd70 elementor-widget elementor-widget-text-editor\" data-id=\"958dd70\" data-element_type=\"widget\" data-e-type=\"widget\" data-widget_type=\"text-editor.default\">\n\t\t\t\t<div class=\"elementor-widget-container\">\n\t\t\t\t\t\t\t\t\t<p>F\u00fcr das Jahr 2025 k\u00f6nnen wir leider keine weiteren Sponsoren mehr annehmen.<\/p>\t\t\t\t\t\t\t\t<\/div>\n\t\t\t\t<\/div>\n\t\t\t\t<div class=\"elementor-element elementor-element-1487035 elementor-widget elementor-widget-spacer\" data-id=\"1487035\" data-element_type=\"widget\" data-e-type=\"widget\" data-widget_type=\"spacer.default\">\n\t\t\t\t<div class=\"elementor-widget-container\">\n\t\t\t\t\t\t\t<div class=\"elementor-spacer\">\n\t\t\t<div class=\"elementor-spacer-inner\"><\/div>\n\t\t<\/div>\n\t\t\t\t\t\t<\/div>\n\t\t\t\t<\/div>\n\t\t\t\t<div class=\"elementor-element elementor-element-ebc740f elementor-button-align-center elementor-widget elementor-widget-form\" data-id=\"ebc740f\" data-element_type=\"widget\" data-e-type=\"widget\" data-settings=\"{&quot;step_next_label&quot;:&quot;N\\u00e4chster&quot;,&quot;step_previous_label&quot;:&quot;Voriger&quot;,&quot;button_width&quot;:&quot;100&quot;,&quot;step_type&quot;:&quot;number_text&quot;,&quot;step_icon_shape&quot;:&quot;circle&quot;}\" data-widget_type=\"form.default\">\n\t\t\t\t<div class=\"elementor-widget-container\">\n\t\t\t\t\t\t\t<form class=\"elementor-form\" method=\"post\" name=\"Neues Formular\" aria-label=\"Neues Formular\">\n\t\t\t<input type=\"hidden\" name=\"post_id\" value=\"22851\"\/>\n\t\t\t<input type=\"hidden\" name=\"form_id\" value=\"ebc740f\"\/>\n\t\t\t<input type=\"hidden\" name=\"referer_title\" value=\"Sponsorenformular &#8211; OpenAirKinoEmmen\" \/>\n\n\t\t\t\t\t\t\t<input type=\"hidden\" name=\"queried_id\" value=\"22851\"\/>\n\t\t\t\n\t\t\t<div class=\"elementor-form-fields-wrapper elementor-labels-above\">\n\t\t\t\t\t\t\t\t<div class=\"elementor-field-type-text elementor-field-group elementor-column elementor-field-group-field_e3e01fa elementor-col-100 elementor-field-required elementor-mark-required\">\n\t\t\t\t\t\t\t\t\t\t\t\t\t<input size=\"1\" type=\"text\" name=\"form_fields[field_e3e01fa]\" id=\"form-field-field_e3e01fa\" class=\"elementor-field elementor-size-md  elementor-field-textual\" placeholder=\"Name, Vorname\" required=\"required\">\n\t\t\t\t\t\t\t\t\t\t\t<\/div>\n\t\t\t\t\t\t\t\t<div class=\"elementor-field-type-text elementor-field-group elementor-column elementor-field-group-field_630ad25 elementor-col-100 elementor-field-required elementor-mark-required\">\n\t\t\t\t\t\t\t\t\t\t\t\t\t<input size=\"1\" type=\"text\" name=\"form_fields[field_630ad25]\" id=\"form-field-field_630ad25\" class=\"elementor-field elementor-size-md  elementor-field-textual\" placeholder=\"Firmenname\" required=\"required\">\n\t\t\t\t\t\t\t\t\t\t\t<\/div>\n\t\t\t\t\t\t\t\t<div class=\"elementor-field-type-text elementor-field-group elementor-column elementor-field-group-field_8744ec9 elementor-col-100 elementor-field-required elementor-mark-required\">\n\t\t\t\t\t\t\t\t\t\t\t\t\t<input size=\"1\" type=\"text\" name=\"form_fields[field_8744ec9]\" id=\"form-field-field_8744ec9\" class=\"elementor-field elementor-size-md  elementor-field-textual\" placeholder=\"Telefonnummer\" required=\"required\">\n\t\t\t\t\t\t\t\t\t\t\t<\/div>\n\t\t\t\t\t\t\t\t<div class=\"elementor-field-type-text elementor-field-group elementor-column elementor-field-group-field_57e0987 elementor-col-100 elementor-field-required elementor-mark-required\">\n\t\t\t\t\t\t\t\t\t\t\t\t\t<input size=\"1\" type=\"text\" name=\"form_fields[field_57e0987]\" id=\"form-field-field_57e0987\" class=\"elementor-field elementor-size-md  elementor-field-textual\" placeholder=\"E-Mail\" required=\"required\">\n\t\t\t\t\t\t\t\t\t\t\t<\/div>\n\t\t\t\t\t\t\t\t<div class=\"elementor-field-type-radio elementor-field-group elementor-column elementor-field-group-field_c0ba1a7 elementor-col-100 elementor-field-required elementor-mark-required\">\n\t\t\t\t\t\t\t\t\t\t\t\t<label for=\"form-field-field_c0ba1a7\" class=\"elementor-field-label\">\n\t\t\t\t\t\t\t\tIch interessiere mich f\u00fcr: \t\t\t\t\t\t\t<\/label>\n\t\t\t\t\t\t<div class=\"elementor-field-subgroup  \"><span class=\"elementor-field-option\"><input type=\"radio\" value=\"Hauptsponsor\" id=\"form-field-field_c0ba1a7-0\" name=\"form_fields[field_c0ba1a7]\" required=\"required\"> <label for=\"form-field-field_c0ba1a7-0\">Hauptsponsor<\/label><\/span><span class=\"elementor-field-option\"><input type=\"radio\" value=\"Filmsponsor\" id=\"form-field-field_c0ba1a7-1\" name=\"form_fields[field_c0ba1a7]\" required=\"required\"> <label for=\"form-field-field_c0ba1a7-1\">Filmsponsor<\/label><\/span><span class=\"elementor-field-option\"><input type=\"radio\" value=\"Werbepartner\" id=\"form-field-field_c0ba1a7-2\" name=\"form_fields[field_c0ba1a7]\" required=\"required\"> <label for=\"form-field-field_c0ba1a7-2\">Werbepartner<\/label><\/span><\/div>\t\t\t\t<\/div>\n\t\t\t\t\t\t\t\t<div class=\"elementor-field-type-textarea elementor-field-group elementor-column elementor-field-group-field_bb2c9c3 elementor-col-100\">\n\t\t\t\t\t<textarea class=\"elementor-field-textual elementor-field  elementor-size-md\" name=\"form_fields[field_bb2c9c3]\" id=\"form-field-field_bb2c9c3\" rows=\"6\" placeholder=\"Nachricht\"><\/textarea>\t\t\t\t<\/div>\n\t\t\t\t\t\t\t\t<div class=\"elementor-field-type-recaptcha_v3 elementor-field-group elementor-column elementor-field-group-field_b71c6eb elementor-col-100 recaptcha_v3-inline\">\n\t\t\t\t\t<div class=\"elementor-field\" id=\"form-field-field_b71c6eb\"><div class=\"elementor-g-recaptcha\" data-sitekey=\"6Lc5X1YlAAAAANGJ751nVJDEUL90bDJfaZ0-9v2E\" data-type=\"v3\" data-action=\"Form\" data-badge=\"inline\" data-size=\"invisible\"><\/div><\/div>\t\t\t\t<\/div>\n\t\t\t\t\t\t\t\t<div class=\"elementor-field-group elementor-column elementor-field-type-submit elementor-col-100 e-form__buttons\">\n\t\t\t\t\t<button class=\"elementor-button elementor-size-sm\" type=\"submit\">\n\t\t\t\t\t\t<span class=\"elementor-button-content-wrapper\">\n\t\t\t\t\t\t\t\t\t\t\t\t\t\t\t\t\t\t\t\t\t\t<span class=\"elementor-button-text\">senden<\/span>\n\t\t\t\t\t\t\t\t\t\t\t\t\t<\/span>\n\t\t\t\t\t<\/button>\n\t\t\t\t<\/div>\n\t\t\t<\/div>\n\t\t<\/form>\n\t\t\t\t\t\t<\/div>\n\t\t\t\t<\/div>\n\t\t\t\t<div class=\"elementor-element elementor-element-2c38899 elementor-widget elementor-widget-spacer\" data-id=\"2c38899\" data-element_type=\"widget\" data-e-type=\"widget\" data-widget_type=\"spacer.default\">\n\t\t\t\t<div class=\"elementor-widget-container\">\n\t\t\t\t\t\t\t<div class=\"elementor-spacer\">\n\t\t\t<div class=\"elementor-spacer-inner\"><\/div>\n\t\t<\/div>\n\t\t\t\t\t\t<\/div>\n\t\t\t\t<\/div>\n\t\t\t\t<div class=\"elementor-element elementor-element-eb1e9b7 elementor-widget elementor-widget-gallery\" data-id=\"eb1e9b7\" data-element_type=\"widget\" data-e-type=\"widget\" data-settings=\"{&quot;columns_mobile&quot;:3,&quot;gap_mobile&quot;:{&quot;unit&quot;:&quot;px&quot;,&quot;size&quot;:3,&quot;sizes&quot;:[]},&quot;columns&quot;:3,&quot;lazyload&quot;:&quot;yes&quot;,&quot;gallery_layout&quot;:&quot;grid&quot;,&quot;columns_tablet&quot;:2,&quot;gap&quot;:{&quot;unit&quot;:&quot;px&quot;,&quot;size&quot;:10,&quot;sizes&quot;:[]},&quot;gap_tablet&quot;:{&quot;unit&quot;:&quot;px&quot;,&quot;size&quot;:10,&quot;sizes&quot;:[]},&quot;link_to&quot;:&quot;file&quot;,&quot;aspect_ratio&quot;:&quot;3:2&quot;,&quot;overlay_background&quot;:&quot;yes&quot;,&quot;content_hover_animation&quot;:&quot;fade-in&quot;}\" data-widget_type=\"gallery.default\">\n\t\t\t\t<div class=\"elementor-widget-container\">\n\t\t\t\t\t\t\t<div class=\"elementor-gallery__container\">\n\t\t\t\t\t<\/div>\n\t\t\t\t\t<\/div>\n\t\t\t\t<\/div>\n\t\t\t\t\t<\/div>\n\t\t<\/div>\n\t\t\t\t<div class=\"elementor-column elementor-col-25 elementor-top-column elementor-element elementor-element-074743a\" data-id=\"074743a\" data-element_type=\"column\" data-e-type=\"column\">\n\t\t\t<div class=\"elementor-widget-wrap\">\n\t\t\t\t\t\t\t<\/div>\n\t\t<\/div>\n\t\t\t\t\t<\/div>\n\t\t<\/section>\n\t\t\t\t<\/div>\n\t\t","protected":false},"excerpt":{"rendered":"<p>Ausf\u00fcllen und schon bist du Sponsor! F\u00fcr das Jahr 2025 k\u00f6nnen wir leider keine weiteren Sponsoren mehr annehmen.<\/p>\n","protected":false},"author":17,"featured_media":0,"parent":0,"menu_order":0,"comment_status":"closed","ping_status":"closed","template":"elementor_header_footer","meta":{"footnotes":""},"class_list":["post-22851","page","type-page","status-publish","hentry","entry"],"yoast_head":"<!-- This site is optimized with the Yoast SEO plugin v27.4 - https:\/\/yoast.com\/product\/yoast-seo-wordpress\/ -->\n<title>Sponsorenformular &#8211; OpenAirKinoEmmen<\/title>\n<meta name=\"description\" content=\"Open Air Kino Emmen - Das einmalige Filmerlebnis in der Badi Moosh\u00fcsli.\" \/>\n<meta name=\"robots\" content=\"index, follow, max-snippet:-1, max-image-preview:large, max-video-preview:-1\" \/>\n<link rel=\"canonical\" href=\"https:\/\/openairkino-emmen.ch\/?page_id=22851\" \/>\n<meta property=\"og:locale\" content=\"de_DE\" \/>\n<meta property=\"og:type\" content=\"article\" \/>\n<meta property=\"og:title\" content=\"Sponsorenformular &#8211; OpenAirKinoEmmen\" \/>\n<meta property=\"og:description\" content=\"Open Air Kino Emmen - Das einmalige Filmerlebnis in der Badi Moosh\u00fcsli.\" \/>\n<meta property=\"og:url\" content=\"https:\/\/openairkino-emmen.ch\/?page_id=22851\" \/>\n<meta property=\"og:site_name\" content=\"OpenAirKinoEmmen\" \/>\n<meta property=\"article:publisher\" content=\"https:\/\/de-de.facebook.com\/handballemmen07\/\" \/>\n<meta property=\"article:modified_time\" content=\"2025-08-14T06:01:59+00:00\" \/>\n<meta name=\"twitter:card\" content=\"summary_large_image\" \/>\n<meta name=\"twitter:label1\" content=\"Gesch\u00e4tzte Lesezeit\" \/>\n\t<meta name=\"twitter:data1\" content=\"1\u00a0Minute\" \/>\n<script type=\"application\/ld+json\" class=\"yoast-schema-graph\">{\"@context\":\"https:\\\/\\\/schema.org\",\"@graph\":[{\"@type\":\"WebPage\",\"@id\":\"https:\\\/\\\/openairkino-emmen.ch\\\/?page_id=22851\",\"url\":\"https:\\\/\\\/openairkino-emmen.ch\\\/?page_id=22851\",\"name\":\"Sponsorenformular &#8211; OpenAirKinoEmmen\",\"isPartOf\":{\"@id\":\"https:\\\/\\\/openairkino-emmen.ch\\\/#website\"},\"datePublished\":\"2023-02-04T22:05:46+00:00\",\"dateModified\":\"2025-08-14T06:01:59+00:00\",\"description\":\"Open Air Kino Emmen - Das einmalige Filmerlebnis in der Badi Moosh\u00fcsli.\",\"breadcrumb\":{\"@id\":\"https:\\\/\\\/openairkino-emmen.ch\\\/?page_id=22851#breadcrumb\"},\"inLanguage\":\"de\",\"potentialAction\":[{\"@type\":\"ReadAction\",\"target\":[\"https:\\\/\\\/openairkino-emmen.ch\\\/?page_id=22851\"]}]},{\"@type\":\"BreadcrumbList\",\"@id\":\"https:\\\/\\\/openairkino-emmen.ch\\\/?page_id=22851#breadcrumb\",\"itemListElement\":[{\"@type\":\"ListItem\",\"position\":1,\"name\":\"Startseite\",\"item\":\"https:\\\/\\\/openairkino-emmen.ch\\\/\"},{\"@type\":\"ListItem\",\"position\":2,\"name\":\"Sponsorenformular\"}]},{\"@type\":\"WebSite\",\"@id\":\"https:\\\/\\\/openairkino-emmen.ch\\\/#website\",\"url\":\"https:\\\/\\\/openairkino-emmen.ch\\\/\",\"name\":\"Handball Emmen\",\"description\":\"xxx\",\"potentialAction\":[{\"@type\":\"SearchAction\",\"target\":{\"@type\":\"EntryPoint\",\"urlTemplate\":\"https:\\\/\\\/openairkino-emmen.ch\\\/?s={search_term_string}\"},\"query-input\":{\"@type\":\"PropertyValueSpecification\",\"valueRequired\":true,\"valueName\":\"search_term_string\"}}],\"inLanguage\":\"de\"}]}<\/script>\n<!-- \/ Yoast SEO plugin. -->","yoast_head_json":{"title":"Sponsorenformular &#8211; OpenAirKinoEmmen","description":"Open Air Kino Emmen - Das einmalige Filmerlebnis in der Badi Moosh\u00fcsli.","robots":{"index":"index","follow":"follow","max-snippet":"max-snippet:-1","max-image-preview":"max-image-preview:large","max-video-preview":"max-video-preview:-1"},"canonical":"https:\/\/openairkino-emmen.ch\/?page_id=22851","og_locale":"de_DE","og_type":"article","og_title":"Sponsorenformular &#8211; OpenAirKinoEmmen","og_description":"Open Air Kino Emmen - Das einmalige Filmerlebnis in der Badi Moosh\u00fcsli.","og_url":"https:\/\/openairkino-emmen.ch\/?page_id=22851","og_site_name":"OpenAirKinoEmmen","article_publisher":"https:\/\/de-de.facebook.com\/handballemmen07\/","article_modified_time":"2025-08-14T06:01:59+00:00","twitter_card":"summary_large_image","twitter_misc":{"Gesch\u00e4tzte Lesezeit":"1\u00a0Minute"},"schema":{"@context":"https:\/\/schema.org","@graph":[{"@type":"WebPage","@id":"https:\/\/openairkino-emmen.ch\/?page_id=22851","url":"https:\/\/openairkino-emmen.ch\/?page_id=22851","name":"Sponsorenformular &#8211; OpenAirKinoEmmen","isPartOf":{"@id":"https:\/\/openairkino-emmen.ch\/#website"},"datePublished":"2023-02-04T22:05:46+00:00","dateModified":"2025-08-14T06:01:59+00:00","description":"Open Air Kino Emmen - Das einmalige Filmerlebnis in der Badi Moosh\u00fcsli.","breadcrumb":{"@id":"https:\/\/openairkino-emmen.ch\/?page_id=22851#breadcrumb"},"inLanguage":"de","potentialAction":[{"@type":"ReadAction","target":["https:\/\/openairkino-emmen.ch\/?page_id=22851"]}]},{"@type":"BreadcrumbList","@id":"https:\/\/openairkino-emmen.ch\/?page_id=22851#breadcrumb","itemListElement":[{"@type":"ListItem","position":1,"name":"Startseite","item":"https:\/\/openairkino-emmen.ch\/"},{"@type":"ListItem","position":2,"name":"Sponsorenformular"}]},{"@type":"WebSite","@id":"https:\/\/openairkino-emmen.ch\/#website","url":"https:\/\/openairkino-emmen.ch\/","name":"Handball Emmen","description":"xxx","potentialAction":[{"@type":"SearchAction","target":{"@type":"EntryPoint","urlTemplate":"https:\/\/openairkino-emmen.ch\/?s={search_term_string}"},"query-input":{"@type":"PropertyValueSpecification","valueRequired":true,"valueName":"search_term_string"}}],"inLanguage":"de"}]}},"_links":{"self":[{"href":"https:\/\/openairkino-emmen.ch\/index.php?rest_route=\/wp\/v2\/pages\/22851","targetHints":{"allow":["GET"]}}],"collection":[{"href":"https:\/\/openairkino-emmen.ch\/index.php?rest_route=\/wp\/v2\/pages"}],"about":[{"href":"https:\/\/openairkino-emmen.ch\/index.php?rest_route=\/wp\/v2\/types\/page"}],"author":[{"embeddable":true,"href":"https:\/\/openairkino-emmen.ch\/index.php?rest_route=\/wp\/v2\/users\/17"}],"replies":[{"embeddable":true,"href":"https:\/\/openairkino-emmen.ch\/index.php?rest_route=%2Fwp%2Fv2%2Fcomments&post=22851"}],"version-history":[{"count":59,"href":"https:\/\/openairkino-emmen.ch\/index.php?rest_route=\/wp\/v2\/pages\/22851\/revisions"}],"predecessor-version":[{"id":24190,"href":"https:\/\/openairkino-emmen.ch\/index.php?rest_route=\/wp\/v2\/pages\/22851\/revisions\/24190"}],"wp:attachment":[{"href":"https:\/\/openairkino-emmen.ch\/index.php?rest_route=%2Fwp%2Fv2%2Fmedia&parent=22851"}],"curies":[{"name":"wp","href":"https:\/\/api.w.org\/{rel}","templated":true}]}}