{"id":18894,"date":"2022-01-26T22:15:13","date_gmt":"2022-01-26T21:15:13","guid":{"rendered":"https:\/\/openairkino-emmen.ch\/?page_id=18894"},"modified":"2023-03-30T09:26:19","modified_gmt":"2023-03-30T07:26:19","slug":"agb","status":"publish","type":"page","link":"https:\/\/openairkino-emmen.ch\/?page_id=18894","title":{"rendered":"AGB"},"content":{"rendered":"\t\t<div data-elementor-type=\"wp-post\" data-elementor-id=\"18894\" class=\"elementor elementor-18894\" data-elementor-post-type=\"page\">\n\t\t\t\t\t\t<section class=\"elementor-section elementor-top-section elementor-element elementor-element-0547306 elementor-section-full_width elementor-section-height-default elementor-section-height-default\" data-id=\"0547306\" data-element_type=\"section\" data-e-type=\"section\" data-settings=\"{&quot;background_background&quot;:&quot;classic&quot;}\">\n\t\t\t\t\t\t<div class=\"elementor-container elementor-column-gap-default\">\n\t\t\t\t\t<div class=\"elementor-column elementor-col-25 elementor-top-column elementor-element elementor-element-87205da\" data-id=\"87205da\" data-element_type=\"column\" data-e-type=\"column\">\n\t\t\t<div class=\"elementor-widget-wrap\">\n\t\t\t\t\t\t\t<\/div>\n\t\t<\/div>\n\t\t\t\t<div class=\"elementor-column elementor-col-50 elementor-top-column elementor-element elementor-element-ad6892d\" data-id=\"ad6892d\" data-element_type=\"column\" data-e-type=\"column\">\n\t\t\t<div class=\"elementor-widget-wrap elementor-element-populated\">\n\t\t\t\t\t\t<div class=\"elementor-element elementor-element-b7dec76 elementor-hidden-mobile elementor-widget elementor-widget-spacer\" data-id=\"b7dec76\" data-element_type=\"widget\" data-e-type=\"widget\" data-widget_type=\"spacer.default\">\n\t\t\t\t<div class=\"elementor-widget-container\">\n\t\t\t\t\t\t\t<div class=\"elementor-spacer\">\n\t\t\t<div class=\"elementor-spacer-inner\"><\/div>\n\t\t<\/div>\n\t\t\t\t\t\t<\/div>\n\t\t\t\t<\/div>\n\t\t\t\t<div class=\"elementor-element elementor-element-7496c4c elementor-widget elementor-widget-text-editor\" data-id=\"7496c4c\" data-element_type=\"widget\" data-e-type=\"widget\" data-widget_type=\"text-editor.default\">\n\t\t\t\t<div class=\"elementor-widget-container\">\n\t\t\t\t\t\t\t\t\t<p>Allgemeine Gesch\u00e4ftsbedingungen <\/p>\t\t\t\t\t\t\t\t<\/div>\n\t\t\t\t<\/div>\n\t\t\t\t<div class=\"elementor-element elementor-element-6cb68ae elementor-widget elementor-widget-text-editor\" data-id=\"6cb68ae\" data-element_type=\"widget\" data-e-type=\"widget\" data-widget_type=\"text-editor.default\">\n\t\t\t\t<div class=\"elementor-widget-container\">\n\t\t\t\t\t\t\t\t\t<p><strong>1. Vertragsbeziehung<\/strong><\/p>\t\t\t\t\t\t\t\t<\/div>\n\t\t\t\t<\/div>\n\t\t\t\t<div class=\"elementor-element elementor-element-5a2a438 elementor-widget elementor-widget-text-editor\" data-id=\"5a2a438\" data-element_type=\"widget\" data-e-type=\"widget\" data-widget_type=\"text-editor.default\">\n\t\t\t\t<div class=\"elementor-widget-container\">\n\t\t\t\t\t\t\t\t\t<p>Der\/die Ticketk\u00e4ufer\/in anerkennt die nachfolgenden allgemeinen Gesch\u00e4ftsbedingungen (AGB) des hier genannten Veranstalters als Grundlage f\u00fcr den Erwerb der Veranstaltungstickets.<br \/><br \/><\/p>\t\t\t\t\t\t\t\t<\/div>\n\t\t\t\t<\/div>\n\t\t\t\t<div class=\"elementor-element elementor-element-8b408ad elementor-widget elementor-widget-text-editor\" data-id=\"8b408ad\" data-element_type=\"widget\" data-e-type=\"widget\" data-widget_type=\"text-editor.default\">\n\t\t\t\t<div class=\"elementor-widget-container\">\n\t\t\t\t\t\t\t\t\t<p><strong>OPEN AIR KINO Z\u2018\u00c4MME<\/strong><br \/><em>Zukunftsgestaltung Emmen<\/em><\/p>\t\t\t\t\t\t\t\t<\/div>\n\t\t\t\t<\/div>\n\t\t\t\t<div class=\"elementor-element elementor-element-e51b39d elementor-widget elementor-widget-text-editor\" data-id=\"e51b39d\" data-element_type=\"widget\" data-e-type=\"widget\" data-widget_type=\"text-editor.default\">\n\t\t\t\t<div class=\"elementor-widget-container\">\n\t\t\t\t\t\t\t\t\t<p><strong>2.<\/strong> <strong>Vertrag \u00fcber Veranstaltungsbesuch<\/strong><\/p>\t\t\t\t\t\t\t\t<\/div>\n\t\t\t\t<\/div>\n\t\t\t\t<div class=\"elementor-element elementor-element-db357e9 elementor-widget elementor-widget-text-editor\" data-id=\"db357e9\" data-element_type=\"widget\" data-e-type=\"widget\" data-widget_type=\"text-editor.default\">\n\t\t\t\t<div class=\"elementor-widget-container\">\n\t\t\t\t\t\t\t\t\t<p>Mit dem Erwerb der Tickets schliesst der\/die Veranstaltungsbesucher\/in mit dem Veranstalter f\u00fcr die auf dem Ticket bezeichneten Leistungen einen Vertrag. F\u00fcr diesen Vertrag gelten folgende Regelungen:<\/p>\t\t\t\t\t\t\t\t<\/div>\n\t\t\t\t<\/div>\n\t\t\t\t<div class=\"elementor-element elementor-element-2b1b5b7 elementor-widget elementor-widget-text-editor\" data-id=\"2b1b5b7\" data-element_type=\"widget\" data-e-type=\"widget\" data-widget_type=\"text-editor.default\">\n\t\t\t\t<div class=\"elementor-widget-container\">\n\t\t\t\t\t\t\t\t\t<p><strong>2.1. Urheberrechte<\/strong><\/p>\t\t\t\t\t\t\t\t<\/div>\n\t\t\t\t<\/div>\n\t\t\t\t<div class=\"elementor-element elementor-element-a407cee elementor-widget elementor-widget-text-editor\" data-id=\"a407cee\" data-element_type=\"widget\" data-e-type=\"widget\" data-widget_type=\"text-editor.default\">\n\t\t\t\t<div class=\"elementor-widget-container\">\n\t\t\t\t\t\t\t\t\t<p>W\u00e4hrend des Besuchs der Veranstaltung sind jegliche Ton- und\/oder Bildaufnahmen durch den\/die Veranstaltungsbesucher\/in aus urheberrechtlichen Gr\u00fcnden verboten.<br \/>Kommerzielle und private Bild- und Tonaufnahmen bed\u00fcrfen der vorg\u00e4ngigen schriftlichen Zustimmung des Veranstalters.<\/p>\t\t\t\t\t\t\t\t<\/div>\n\t\t\t\t<\/div>\n\t\t\t\t<div class=\"elementor-element elementor-element-c4d66ae elementor-widget elementor-widget-text-editor\" data-id=\"c4d66ae\" data-element_type=\"widget\" data-e-type=\"widget\" data-widget_type=\"text-editor.default\">\n\t\t\t\t<div class=\"elementor-widget-container\">\n\t\t\t\t\t\t\t\t\t<p><strong>2.2. G\u00fcltigkeit der Tickets<\/strong><\/p>\t\t\t\t\t\t\t\t<\/div>\n\t\t\t\t<\/div>\n\t\t\t\t<div class=\"elementor-element elementor-element-af15114 elementor-widget elementor-widget-text-editor\" data-id=\"af15114\" data-element_type=\"widget\" data-e-type=\"widget\" data-widget_type=\"text-editor.default\">\n\t\t\t\t<div class=\"elementor-widget-container\">\n\t\t\t\t\t\t\t\t\t<p>Die Tickets werden am Eingang zur Veranstaltung gepr\u00fcft. Es sind nur diejenigen Tickets g\u00fcltig, die direkt vom Veranstalter erworben wurden. Das Kopieren, Ver\u00e4ndern oder Nachahmen von Tickets ist untersagt und wird strafrechtlich verfolgt.<\/p>\t\t\t\t\t\t\t\t<\/div>\n\t\t\t\t<\/div>\n\t\t\t\t<div class=\"elementor-element elementor-element-09ddedf elementor-widget elementor-widget-text-editor\" data-id=\"09ddedf\" data-element_type=\"widget\" data-e-type=\"widget\" data-widget_type=\"text-editor.default\">\n\t\t\t\t<div class=\"elementor-widget-container\">\n\t\t\t\t\t\t\t\t\t<p><strong>2.3. Sicherheit<\/strong><\/p>\t\t\t\t\t\t\t\t<\/div>\n\t\t\t\t<\/div>\n\t\t\t\t<div class=\"elementor-element elementor-element-f82f541 elementor-widget elementor-widget-text-editor\" data-id=\"f82f541\" data-element_type=\"widget\" data-e-type=\"widget\" data-widget_type=\"text-editor.default\">\n\t\t\t\t<div class=\"elementor-widget-container\">\n\t\t\t\t\t\t\t\t\t<p>Der\/die Veranstaltungsbesucher\/in verpflichtet sich, s\u00e4mtliche Sicherheits- und Durchf\u00fchrungsvorschriften und s\u00e4mtliche diesbez\u00fcgliche Weisungen strikt zu beachten, welche ihm\/ihr vom Veranstalter oder von deren Hilfspersonen vor, w\u00e4hrend und nach der Veranstaltung schriftlich oder m\u00fcndlich mitgeteilt werden. Durch den\/die Veranstaltungsbesucher\/in d\u00fcrfen an die Veranstaltung keinerlei Gegenst\u00e4nde mitgenommen werden, deren Besitz oder Gebrauch die anderen Veranstaltungsbesucher\/innen in irgendeiner Weise gef\u00e4hrden oder st\u00f6ren k\u00f6nnten.<\/p>\t\t\t\t\t\t\t\t<\/div>\n\t\t\t\t<\/div>\n\t\t\t\t<div class=\"elementor-element elementor-element-7caefaf elementor-widget elementor-widget-text-editor\" data-id=\"7caefaf\" data-element_type=\"widget\" data-e-type=\"widget\" data-widget_type=\"text-editor.default\">\n\t\t\t\t<div class=\"elementor-widget-container\">\n\t\t\t\t\t\t\t\t\t<p><strong>3. R\u00fcckgabe\/Umtausch<\/strong><\/p>\t\t\t\t\t\t\t\t<\/div>\n\t\t\t\t<\/div>\n\t\t\t\t<div class=\"elementor-element elementor-element-52c643d elementor-widget elementor-widget-text-editor\" data-id=\"52c643d\" data-element_type=\"widget\" data-e-type=\"widget\" data-widget_type=\"text-editor.default\">\n\t\t\t\t<div class=\"elementor-widget-container\">\n\t\t\t\t\t\t\t\t\t<p>Alle Bestellungen sind verbindlich. Tickets k\u00f6nnen weder r\u00fcckg\u00e4ngig noch umgetauscht oder r\u00fcckerstattet werden.<\/p>\t\t\t\t\t\t\t\t<\/div>\n\t\t\t\t<\/div>\n\t\t\t\t<div class=\"elementor-element elementor-element-fa5c4b1 elementor-widget elementor-widget-text-editor\" data-id=\"fa5c4b1\" data-element_type=\"widget\" data-e-type=\"widget\" data-widget_type=\"text-editor.default\">\n\t\t\t\t<div class=\"elementor-widget-container\">\n\t\t\t\t\t\t\t\t\t<p><strong>4. Verschiebung, Absage oder Abbruch der Veranstaltung<\/strong><\/p>\t\t\t\t\t\t\t\t<\/div>\n\t\t\t\t<\/div>\n\t\t\t\t<div class=\"elementor-element elementor-element-f15437f elementor-widget elementor-widget-text-editor\" data-id=\"f15437f\" data-element_type=\"widget\" data-e-type=\"widget\" data-widget_type=\"text-editor.default\">\n\t\t\t\t<div class=\"elementor-widget-container\">\n\t\t\t\t\t\t\t\t\t<p>Der Veranstalter beh\u00e4lt sich das Recht vor, aus Sicherheitsgr\u00fcnden (Sturm, Starkregen) die Vorf\u00fchrung nicht durchzuf\u00fchren, abzubrechen oder zu unterbrechen. Es besteht kein Anspruch auf ein Ersatzticket oder Geldr\u00fcckgabe.<\/p>\t\t\t\t\t\t\t\t<\/div>\n\t\t\t\t<\/div>\n\t\t\t\t<div class=\"elementor-element elementor-element-96f0e1c elementor-widget elementor-widget-text-editor\" data-id=\"96f0e1c\" data-element_type=\"widget\" data-e-type=\"widget\" data-widget_type=\"text-editor.default\">\n\t\t\t\t<div class=\"elementor-widget-container\">\n\t\t\t\t\t\t\t\t\t<p><strong>5. Datenschutz<\/strong><\/p>\t\t\t\t\t\t\t\t<\/div>\n\t\t\t\t<\/div>\n\t\t\t\t<div class=\"elementor-element elementor-element-e59f28f elementor-widget elementor-widget-text-editor\" data-id=\"e59f28f\" data-element_type=\"widget\" data-e-type=\"widget\" data-widget_type=\"text-editor.default\">\n\t\t\t\t<div class=\"elementor-widget-container\">\n\t\t\t\t\t\t\t\t\t<p>Wir verpflichten uns, Ihre Kundendaten vertraulich zu behandeln. Die Informationen werden weder an Dritte verkauft noch getauscht oder vermietet.<\/p>\t\t\t\t\t\t\t\t<\/div>\n\t\t\t\t<\/div>\n\t\t\t\t<div class=\"elementor-element elementor-element-0708be9 elementor-widget elementor-widget-text-editor\" data-id=\"0708be9\" data-element_type=\"widget\" data-e-type=\"widget\" data-widget_type=\"text-editor.default\">\n\t\t\t\t<div class=\"elementor-widget-container\">\n\t\t\t\t\t\t\t\t\t<p><strong>6. Haftungsausschluss<\/strong><\/p>\t\t\t\t\t\t\t\t<\/div>\n\t\t\t\t<\/div>\n\t\t\t\t<div class=\"elementor-element elementor-element-cf7102f elementor-widget elementor-widget-text-editor\" data-id=\"cf7102f\" data-element_type=\"widget\" data-e-type=\"widget\" data-widget_type=\"text-editor.default\">\n\t\t\t\t<div class=\"elementor-widget-container\">\n\t\t\t\t\t\t\t\t\t<p>Der Veranstalter haftet f\u00fcr keinerlei Sach-, Personen- und Verm\u00f6genssch\u00e4den, welche der\/die Veranstaltungsbesucher\/in vor, w\u00e4hrend oder nach der Veranstaltung erlitten hat. Unbesehen davon, ob diese Sch\u00e4den durch den Veranstalter, durch Hilfspersonen des Veranstalters oder durch Dritte verursacht worden sind.<\/p>\t\t\t\t\t\t\t\t<\/div>\n\t\t\t\t<\/div>\n\t\t\t\t<div class=\"elementor-element elementor-element-acae641 elementor-widget elementor-widget-text-editor\" data-id=\"acae641\" data-element_type=\"widget\" data-e-type=\"widget\" data-widget_type=\"text-editor.default\">\n\t\t\t\t<div class=\"elementor-widget-container\">\n\t\t\t\t\t\t\t\t\t<p><strong>7. Salvatorische Klausel<\/strong><\/p>\t\t\t\t\t\t\t\t<\/div>\n\t\t\t\t<\/div>\n\t\t\t\t<div class=\"elementor-element elementor-element-26bcf57 elementor-widget elementor-widget-text-editor\" data-id=\"26bcf57\" data-element_type=\"widget\" data-e-type=\"widget\" data-widget_type=\"text-editor.default\">\n\t\t\t\t<div class=\"elementor-widget-container\">\n\t\t\t\t\t\t\t\t\t<p>Die Unwirksamkeit einzelner Bestimmungen dieser AGB hat nicht die Unwirksamkeit der ganzen AGB zur Folge. Der Veranstalter verpflichtet sich f\u00fcr diesen Fall, unwirksame Bestimmungen durch solche dem Sinn und Zweck entsprechende, wirksame Bestimmungen zu ersetzen.<\/p>\t\t\t\t\t\t\t\t<\/div>\n\t\t\t\t<\/div>\n\t\t\t\t<div class=\"elementor-element elementor-element-85e4334 elementor-widget elementor-widget-text-editor\" data-id=\"85e4334\" data-element_type=\"widget\" data-e-type=\"widget\" data-widget_type=\"text-editor.default\">\n\t\t\t\t<div class=\"elementor-widget-container\">\n\t\t\t\t\t\t\t\t\t<p><strong>8. Gerichtsstand<\/strong><\/p>\t\t\t\t\t\t\t\t<\/div>\n\t\t\t\t<\/div>\n\t\t\t\t<div class=\"elementor-element elementor-element-b390b00 elementor-widget elementor-widget-text-editor\" data-id=\"b390b00\" data-element_type=\"widget\" data-e-type=\"widget\" data-widget_type=\"text-editor.default\">\n\t\t\t\t<div class=\"elementor-widget-container\">\n\t\t\t\t\t\t\t\t\t<p>Das Vertragsverh\u00e4ltnis unterliegt schweizerischem Recht. Der\/die Veranstaltungsbesucher\/in anerkennt f\u00fcr s\u00e4mtliche Rechtsstreitigkeiten den oben in den Adressdaten des Veranstalters genannten Ort als Gerichtsstand.<\/p>\t\t\t\t\t\t\t\t<\/div>\n\t\t\t\t<\/div>\n\t\t\t\t<div class=\"elementor-element elementor-element-2183637 elementor-widget elementor-widget-spacer\" data-id=\"2183637\" data-element_type=\"widget\" data-e-type=\"widget\" data-widget_type=\"spacer.default\">\n\t\t\t\t<div class=\"elementor-widget-container\">\n\t\t\t\t\t\t\t<div class=\"elementor-spacer\">\n\t\t\t<div class=\"elementor-spacer-inner\"><\/div>\n\t\t<\/div>\n\t\t\t\t\t\t<\/div>\n\t\t\t\t<\/div>\n\t\t\t\t<div class=\"elementor-element elementor-element-eb1e9b7 elementor-widget elementor-widget-gallery\" data-id=\"eb1e9b7\" data-element_type=\"widget\" data-e-type=\"widget\" data-settings=\"{&quot;columns_mobile&quot;:3,&quot;gap_mobile&quot;:{&quot;unit&quot;:&quot;px&quot;,&quot;size&quot;:3,&quot;sizes&quot;:[]},&quot;columns&quot;:3,&quot;lazyload&quot;:&quot;yes&quot;,&quot;gallery_layout&quot;:&quot;grid&quot;,&quot;columns_tablet&quot;:2,&quot;gap&quot;:{&quot;unit&quot;:&quot;px&quot;,&quot;size&quot;:10,&quot;sizes&quot;:[]},&quot;gap_tablet&quot;:{&quot;unit&quot;:&quot;px&quot;,&quot;size&quot;:10,&quot;sizes&quot;:[]},&quot;link_to&quot;:&quot;file&quot;,&quot;aspect_ratio&quot;:&quot;3:2&quot;,&quot;overlay_background&quot;:&quot;yes&quot;,&quot;content_hover_animation&quot;:&quot;fade-in&quot;}\" data-widget_type=\"gallery.default\">\n\t\t\t\t<div class=\"elementor-widget-container\">\n\t\t\t\t\t\t\t<div class=\"elementor-gallery__container\">\n\t\t\t\t\t<\/div>\n\t\t\t\t\t<\/div>\n\t\t\t\t<\/div>\n\t\t\t\t\t<\/div>\n\t\t<\/div>\n\t\t\t\t<div class=\"elementor-column elementor-col-25 elementor-top-column elementor-element elementor-element-074743a\" data-id=\"074743a\" data-element_type=\"column\" data-e-type=\"column\">\n\t\t\t<div class=\"elementor-widget-wrap\">\n\t\t\t\t\t\t\t<\/div>\n\t\t<\/div>\n\t\t\t\t\t<\/div>\n\t\t<\/section>\n\t\t\t\t<\/div>\n\t\t","protected":false},"excerpt":{"rendered":"<p>Allgemeine Gesch\u00e4ftsbedingungen 1. Vertragsbeziehung Der\/die Ticketk\u00e4ufer\/in anerkennt die nachfolgenden allgemeinen Gesch\u00e4ftsbedingungen (AGB) des hier genannten Veranstalters als Grundlage f\u00fcr den Erwerb der Veranstaltungstickets. OPEN AIR KINO Z\u2018\u00c4MMEZukunftsgestaltung Emmen 2. Vertrag \u00fcber Veranstaltungsbesuch Mit dem Erwerb der Tickets schliesst der\/die Veranstaltungsbesucher\/in mit dem Veranstalter f\u00fcr die auf dem Ticket bezeichneten Leistungen einen Vertrag. F\u00fcr diesen Vertrag [&hellip;]<\/p>\n","protected":false},"author":17,"featured_media":0,"parent":0,"menu_order":0,"comment_status":"closed","ping_status":"closed","template":"elementor_header_footer","meta":{"footnotes":""},"class_list":["post-18894","page","type-page","status-publish","hentry","entry"],"yoast_head":"<!-- This site is optimized with the Yoast SEO plugin v27.4 - https:\/\/yoast.com\/product\/yoast-seo-wordpress\/ -->\n<title>AGB &#8211; OpenAirKinoEmmen<\/title>\n<meta name=\"description\" content=\"Open Air Kino Emmen - Das einmalige Filmerlebnis in der Badi Moosh\u00fcsli.\" \/>\n<meta name=\"robots\" content=\"index, follow, max-snippet:-1, max-image-preview:large, max-video-preview:-1\" \/>\n<link rel=\"canonical\" href=\"https:\/\/openairkino-emmen.ch\/?page_id=18894\" \/>\n<meta property=\"og:locale\" content=\"de_DE\" \/>\n<meta property=\"og:type\" content=\"article\" \/>\n<meta property=\"og:title\" content=\"AGB &#8211; OpenAirKinoEmmen\" \/>\n<meta property=\"og:description\" content=\"Open Air Kino Emmen - Das einmalige Filmerlebnis in der Badi Moosh\u00fcsli.\" \/>\n<meta property=\"og:url\" content=\"https:\/\/openairkino-emmen.ch\/?page_id=18894\" \/>\n<meta property=\"og:site_name\" content=\"OpenAirKinoEmmen\" \/>\n<meta property=\"article:publisher\" content=\"https:\/\/de-de.facebook.com\/handballemmen07\/\" \/>\n<meta property=\"article:modified_time\" content=\"2023-03-30T07:26:19+00:00\" \/>\n<meta name=\"twitter:card\" content=\"summary_large_image\" \/>\n<meta name=\"twitter:label1\" content=\"Gesch\u00e4tzte Lesezeit\" \/>\n\t<meta name=\"twitter:data1\" content=\"3\u00a0Minuten\" \/>\n<script type=\"application\/ld+json\" class=\"yoast-schema-graph\">{\"@context\":\"https:\\\/\\\/schema.org\",\"@graph\":[{\"@type\":\"WebPage\",\"@id\":\"https:\\\/\\\/openairkino-emmen.ch\\\/?page_id=18894\",\"url\":\"https:\\\/\\\/openairkino-emmen.ch\\\/?page_id=18894\",\"name\":\"AGB &#8211; OpenAirKinoEmmen\",\"isPartOf\":{\"@id\":\"https:\\\/\\\/openairkino-emmen.ch\\\/#website\"},\"datePublished\":\"2022-01-26T21:15:13+00:00\",\"dateModified\":\"2023-03-30T07:26:19+00:00\",\"description\":\"Open Air Kino Emmen - Das einmalige Filmerlebnis in der Badi Moosh\u00fcsli.\",\"breadcrumb\":{\"@id\":\"https:\\\/\\\/openairkino-emmen.ch\\\/?page_id=18894#breadcrumb\"},\"inLanguage\":\"de\",\"potentialAction\":[{\"@type\":\"ReadAction\",\"target\":[\"https:\\\/\\\/openairkino-emmen.ch\\\/?page_id=18894\"]}]},{\"@type\":\"BreadcrumbList\",\"@id\":\"https:\\\/\\\/openairkino-emmen.ch\\\/?page_id=18894#breadcrumb\",\"itemListElement\":[{\"@type\":\"ListItem\",\"position\":1,\"name\":\"Startseite\",\"item\":\"https:\\\/\\\/openairkino-emmen.ch\\\/\"},{\"@type\":\"ListItem\",\"position\":2,\"name\":\"AGB\"}]},{\"@type\":\"WebSite\",\"@id\":\"https:\\\/\\\/openairkino-emmen.ch\\\/#website\",\"url\":\"https:\\\/\\\/openairkino-emmen.ch\\\/\",\"name\":\"Handball Emmen\",\"description\":\"xxx\",\"potentialAction\":[{\"@type\":\"SearchAction\",\"target\":{\"@type\":\"EntryPoint\",\"urlTemplate\":\"https:\\\/\\\/openairkino-emmen.ch\\\/?s={search_term_string}\"},\"query-input\":{\"@type\":\"PropertyValueSpecification\",\"valueRequired\":true,\"valueName\":\"search_term_string\"}}],\"inLanguage\":\"de\"}]}<\/script>\n<!-- \/ Yoast SEO plugin. -->","yoast_head_json":{"title":"AGB &#8211; OpenAirKinoEmmen","description":"Open Air Kino Emmen - Das einmalige Filmerlebnis in der Badi Moosh\u00fcsli.","robots":{"index":"index","follow":"follow","max-snippet":"max-snippet:-1","max-image-preview":"max-image-preview:large","max-video-preview":"max-video-preview:-1"},"canonical":"https:\/\/openairkino-emmen.ch\/?page_id=18894","og_locale":"de_DE","og_type":"article","og_title":"AGB &#8211; OpenAirKinoEmmen","og_description":"Open Air Kino Emmen - Das einmalige Filmerlebnis in der Badi Moosh\u00fcsli.","og_url":"https:\/\/openairkino-emmen.ch\/?page_id=18894","og_site_name":"OpenAirKinoEmmen","article_publisher":"https:\/\/de-de.facebook.com\/handballemmen07\/","article_modified_time":"2023-03-30T07:26:19+00:00","twitter_card":"summary_large_image","twitter_misc":{"Gesch\u00e4tzte Lesezeit":"3\u00a0Minuten"},"schema":{"@context":"https:\/\/schema.org","@graph":[{"@type":"WebPage","@id":"https:\/\/openairkino-emmen.ch\/?page_id=18894","url":"https:\/\/openairkino-emmen.ch\/?page_id=18894","name":"AGB &#8211; OpenAirKinoEmmen","isPartOf":{"@id":"https:\/\/openairkino-emmen.ch\/#website"},"datePublished":"2022-01-26T21:15:13+00:00","dateModified":"2023-03-30T07:26:19+00:00","description":"Open Air Kino Emmen - Das einmalige Filmerlebnis in der Badi Moosh\u00fcsli.","breadcrumb":{"@id":"https:\/\/openairkino-emmen.ch\/?page_id=18894#breadcrumb"},"inLanguage":"de","potentialAction":[{"@type":"ReadAction","target":["https:\/\/openairkino-emmen.ch\/?page_id=18894"]}]},{"@type":"BreadcrumbList","@id":"https:\/\/openairkino-emmen.ch\/?page_id=18894#breadcrumb","itemListElement":[{"@type":"ListItem","position":1,"name":"Startseite","item":"https:\/\/openairkino-emmen.ch\/"},{"@type":"ListItem","position":2,"name":"AGB"}]},{"@type":"WebSite","@id":"https:\/\/openairkino-emmen.ch\/#website","url":"https:\/\/openairkino-emmen.ch\/","name":"Handball Emmen","description":"xxx","potentialAction":[{"@type":"SearchAction","target":{"@type":"EntryPoint","urlTemplate":"https:\/\/openairkino-emmen.ch\/?s={search_term_string}"},"query-input":{"@type":"PropertyValueSpecification","valueRequired":true,"valueName":"search_term_string"}}],"inLanguage":"de"}]}},"_links":{"self":[{"href":"https:\/\/openairkino-emmen.ch\/index.php?rest_route=\/wp\/v2\/pages\/18894","targetHints":{"allow":["GET"]}}],"collection":[{"href":"https:\/\/openairkino-emmen.ch\/index.php?rest_route=\/wp\/v2\/pages"}],"about":[{"href":"https:\/\/openairkino-emmen.ch\/index.php?rest_route=\/wp\/v2\/types\/page"}],"author":[{"embeddable":true,"href":"https:\/\/openairkino-emmen.ch\/index.php?rest_route=\/wp\/v2\/users\/17"}],"replies":[{"embeddable":true,"href":"https:\/\/openairkino-emmen.ch\/index.php?rest_route=%2Fwp%2Fv2%2Fcomments&post=18894"}],"version-history":[{"count":306,"href":"https:\/\/openairkino-emmen.ch\/index.php?rest_route=\/wp\/v2\/pages\/18894\/revisions"}],"predecessor-version":[{"id":23463,"href":"https:\/\/openairkino-emmen.ch\/index.php?rest_route=\/wp\/v2\/pages\/18894\/revisions\/23463"}],"wp:attachment":[{"href":"https:\/\/openairkino-emmen.ch\/index.php?rest_route=%2Fwp%2Fv2%2Fmedia&parent=18894"}],"curies":[{"name":"wp","href":"https:\/\/api.w.org\/{rel}","templated":true}]}}